{"id":261,"date":"2015-04-16T09:41:22","date_gmt":"2015-04-16T09:41:22","guid":{"rendered":"http:\/\/welfare.cmsmasters.net\/?page_id=261"},"modified":"2015-04-16T09:41:22","modified_gmt":"2015-04-16T09:41:22","slug":"gallery","status":"publish","type":"page","link":"https:\/\/vetobjat.fr\/index.php\/gallery\/","title":{"rendered":"Gallery"},"content":{"rendered":"<div id=\"cmsmasters_row_8b509d14dd\" class=\"cmsmasters_row cmsmasters_color_scheme_default cmsmasters_row_top_default cmsmasters_row_bot_default cmsmasters_row_boxed\">\n<div class=\"cmsmasters_row_outer_parent\">\n<div class=\"cmsmasters_row_outer\">\n<div class=\"cmsmasters_row_inner\">\n<div class=\"cmsmasters_row_margin\">\n<div id=\"cmsmasters_column_\" class=\"cmsmasters_column one_half\">\n<div class=\"cmsmasters_column_inner\"><div id=\"cmsmasters_heading_bf1506a890\" class=\"cmsmasters_heading_wrap cmsmasters_heading_align_left\">\n\t<h2 class=\"cmsmasters_heading\">Slider<\/h2>\n<\/div><div class=\"cmsmasters_content_slider_wrap\" style=\"max-width:px;\"><div id=\"cmsmasters_slider_0065087a82\" class=\"cmsmasters_owl_slider owl-carousel cmsmasters_content_slider\" data-auto-play=\"false\" data-stop-on-hover=\"false\" data-rewind-nav=\"false\" data-slide-speed=\"600\" data-pagination-speed=\"600\" data-rewind-speed=\"1000\" data-transition-style=\"false\" data-pagination=\"false\" data-navigation=\"true\" data-navigation-prev=\"<span><\/span>\" data-navigation-next=\"<span><\/span>\"><div class=\"cmsmasters_owl_slider_item cmsmasters_content_slider_item\"><img loading=\"lazy\" decoding=\"async\" width=\"1920\" height=\"1080\" src=\"https:\/\/vetobjat.fr\/wp-content\/uploads\/2016\/06\/06-1.jpg\" class=\"attachment-full size-full\" alt=\"\" srcset=\"https:\/\/vetobjat.fr\/wp-content\/uploads\/2016\/06\/06-1.jpg 1920w, https:\/\/vetobjat.fr\/wp-content\/uploads\/2016\/06\/06-1-300x169.jpg 300w, https:\/\/vetobjat.fr\/wp-content\/uploads\/2016\/06\/06-1-768x432.jpg 768w, https:\/\/vetobjat.fr\/wp-content\/uploads\/2016\/06\/06-1-1024x576.jpg 1024w, https:\/\/vetobjat.fr\/wp-content\/uploads\/2016\/06\/06-1-600x338.jpg 600w, https:\/\/vetobjat.fr\/wp-content\/uploads\/2016\/06\/06-1-580x326.jpg 580w, https:\/\/vetobjat.fr\/wp-content\/uploads\/2016\/06\/06-1-860x484.jpg 860w, https:\/\/vetobjat.fr\/wp-content\/uploads\/2016\/06\/06-1-1160x653.jpg 1160w\" sizes=\"auto, (max-width: 1920px) 100vw, 1920px\" \/><\/div><div class=\"cmsmasters_owl_slider_item cmsmasters_content_slider_item\"><img loading=\"lazy\" decoding=\"async\" width=\"1920\" height=\"1080\" src=\"https:\/\/vetobjat.fr\/wp-content\/uploads\/2016\/06\/05-1.jpg\" class=\"attachment-full size-full\" alt=\"\" srcset=\"https:\/\/vetobjat.fr\/wp-content\/uploads\/2016\/06\/05-1.jpg 1920w, https:\/\/vetobjat.fr\/wp-content\/uploads\/2016\/06\/05-1-300x169.jpg 300w, https:\/\/vetobjat.fr\/wp-content\/uploads\/2016\/06\/05-1-768x432.jpg 768w, https:\/\/vetobjat.fr\/wp-content\/uploads\/2016\/06\/05-1-1024x576.jpg 1024w, https:\/\/vetobjat.fr\/wp-content\/uploads\/2016\/06\/05-1-600x338.jpg 600w, https:\/\/vetobjat.fr\/wp-content\/uploads\/2016\/06\/05-1-580x326.jpg 580w, https:\/\/vetobjat.fr\/wp-content\/uploads\/2016\/06\/05-1-860x484.jpg 860w, https:\/\/vetobjat.fr\/wp-content\/uploads\/2016\/06\/05-1-1160x653.jpg 1160w\" sizes=\"auto, (max-width: 1920px) 100vw, 1920px\" \/><\/div><div class=\"cmsmasters_owl_slider_item cmsmasters_content_slider_item\"><img loading=\"lazy\" decoding=\"async\" width=\"1920\" height=\"1080\" src=\"https:\/\/vetobjat.fr\/wp-content\/uploads\/2016\/06\/04-1.jpg\" class=\"attachment-full size-full\" alt=\"\" srcset=\"https:\/\/vetobjat.fr\/wp-content\/uploads\/2016\/06\/04-1.jpg 1920w, https:\/\/vetobjat.fr\/wp-content\/uploads\/2016\/06\/04-1-300x169.jpg 300w, https:\/\/vetobjat.fr\/wp-content\/uploads\/2016\/06\/04-1-768x432.jpg 768w, https:\/\/vetobjat.fr\/wp-content\/uploads\/2016\/06\/04-1-1024x576.jpg 1024w, https:\/\/vetobjat.fr\/wp-content\/uploads\/2016\/06\/04-1-600x338.jpg 600w, https:\/\/vetobjat.fr\/wp-content\/uploads\/2016\/06\/04-1-580x326.jpg 580w, https:\/\/vetobjat.fr\/wp-content\/uploads\/2016\/06\/04-1-860x484.jpg 860w, https:\/\/vetobjat.fr\/wp-content\/uploads\/2016\/06\/04-1-1160x653.jpg 1160w\" sizes=\"auto, (max-width: 1920px) 100vw, 1920px\" \/><\/div><div class=\"cmsmasters_owl_slider_item cmsmasters_content_slider_item\"><img loading=\"lazy\" decoding=\"async\" width=\"1920\" height=\"1080\" src=\"https:\/\/vetobjat.fr\/wp-content\/uploads\/2016\/06\/03-1.jpg\" class=\"attachment-full size-full\" alt=\"\" srcset=\"https:\/\/vetobjat.fr\/wp-content\/uploads\/2016\/06\/03-1.jpg 1920w, https:\/\/vetobjat.fr\/wp-content\/uploads\/2016\/06\/03-1-300x169.jpg 300w, https:\/\/vetobjat.fr\/wp-content\/uploads\/2016\/06\/03-1-768x432.jpg 768w, https:\/\/vetobjat.fr\/wp-content\/uploads\/2016\/06\/03-1-1024x576.jpg 1024w, https:\/\/vetobjat.fr\/wp-content\/uploads\/2016\/06\/03-1-600x338.jpg 600w, https:\/\/vetobjat.fr\/wp-content\/uploads\/2016\/06\/03-1-580x326.jpg 580w, https:\/\/vetobjat.fr\/wp-content\/uploads\/2016\/06\/03-1-860x484.jpg 860w, https:\/\/vetobjat.fr\/wp-content\/uploads\/2016\/06\/03-1-1160x653.jpg 1160w\" sizes=\"auto, (max-width: 1920px) 100vw, 1920px\" \/><\/div><\/div>\n<\/div>\n<\/div><\/div>\n<div id=\"cmsmasters_column_\" class=\"cmsmasters_column one_half\">\n<div class=\"cmsmasters_column_inner\"><div id=\"cmsmasters_heading_8a41f96ae2\" class=\"cmsmasters_heading_wrap cmsmasters_heading_align_left\">\n\t<h2 class=\"cmsmasters_heading\">Hover Slider<\/h2>\n<\/div><div id=\"cmsmasters_hover_slider_d7d4e154ac\" class=\"cmsmasters_hover_slider\" data-thumb-width=\"104\" data-thumb-height=\"72\" data-active-slide=\"1\" data-pause-time=\"5000\" data-pause-on-hover=\"true\"><ul class=\"cmsmasters_hover_slider_items\">\n<li><figure class=\"cmsmasters_hover_slider_full_img\"><img loading=\"lazy\" decoding=\"async\" width=\"580\" height=\"400\" src=\"https:\/\/vetobjat.fr\/wp-content\/uploads\/2016\/06\/06-1-580x400.jpg\" class=\"attachment-cmsmasters-blog-masonry-thumb size-cmsmasters-blog-masonry-thumb\" alt=\"\" \/><\/figure><\/li><li><figure class=\"cmsmasters_hover_slider_full_img\"><img loading=\"lazy\" decoding=\"async\" width=\"580\" height=\"400\" src=\"https:\/\/vetobjat.fr\/wp-content\/uploads\/2016\/06\/05-1-580x400.jpg\" class=\"attachment-cmsmasters-blog-masonry-thumb size-cmsmasters-blog-masonry-thumb\" alt=\"\" \/><\/figure><\/li><li><figure class=\"cmsmasters_hover_slider_full_img\"><img loading=\"lazy\" decoding=\"async\" width=\"580\" height=\"400\" src=\"https:\/\/vetobjat.fr\/wp-content\/uploads\/2016\/06\/04-1-580x400.jpg\" class=\"attachment-cmsmasters-blog-masonry-thumb size-cmsmasters-blog-masonry-thumb\" alt=\"\" \/><\/figure><\/li><li><figure class=\"cmsmasters_hover_slider_full_img\"><img loading=\"lazy\" decoding=\"async\" width=\"580\" height=\"400\" src=\"https:\/\/vetobjat.fr\/wp-content\/uploads\/2016\/06\/03-1-580x400.jpg\" class=\"attachment-cmsmasters-blog-masonry-thumb size-cmsmasters-blog-masonry-thumb\" alt=\"\" \/><\/figure><\/li><\/ul>\n<\/div>\n<\/div><\/div>\n<\/div>\n<\/div>\n<\/div>\n<\/div>\n<\/div>\n<div id=\"cmsmasters_row_e465005291\" class=\"cmsmasters_row cmsmasters_color_scheme_default cmsmasters_row_top_default cmsmasters_row_bot_default cmsmasters_row_boxed\">\n<div class=\"cmsmasters_row_outer_parent\">\n<div class=\"cmsmasters_row_outer\">\n<div class=\"cmsmasters_row_inner\">\n<div class=\"cmsmasters_row_margin\">\n<div id=\"cmsmasters_column_\" class=\"cmsmasters_column one_first\">\n<div class=\"cmsmasters_column_inner\"><div id=\"cmsmasters_divider_6eee7d3d64\" class=\"cmsmasters_divider cmsmasters_divider_width_long cmsmasters_divider_pos_center\"><\/div>\n<\/div><\/div>\n<\/div>\n<\/div>\n<\/div>\n<\/div>\n<\/div>\n<div id=\"cmsmasters_row_4ec4c9dd53\" class=\"cmsmasters_row cmsmasters_color_scheme_default cmsmasters_row_top_default cmsmasters_row_bot_default cmsmasters_row_boxed\">\n<div class=\"cmsmasters_row_outer_parent\">\n<div class=\"cmsmasters_row_outer\">\n<div class=\"cmsmasters_row_inner\">\n<div class=\"cmsmasters_row_margin\">\n<div id=\"cmsmasters_column_\" class=\"cmsmasters_column one_first\">\n<div class=\"cmsmasters_column_inner\"><div id=\"cmsmasters_heading_24a0195eb4\" class=\"cmsmasters_heading_wrap cmsmasters_heading_align_left\">\n\t<h2 class=\"cmsmasters_heading\">Image Gallery<\/h2>\n<\/div><div id=\"cmsmasters_gallery_ec2230c934\" class=\"cmsmasters_gallery_wrap\" data-type=\"grid\" data-count=\"0\"><ul class=\"cmsmasters_gallery cmsmasters_3 cmsmasters_more_items_loader\"><li class=\"cmsmasters_gallery_item\"><figure><a href=\"https:\/\/vetobjat.fr\/wp-content\/uploads\/2016\/06\/05-1.jpg\" rel=\"ilightbox[ec2230c934]\"><img loading=\"lazy\" decoding=\"async\" width=\"1920\" height=\"1080\" src=\"https:\/\/vetobjat.fr\/wp-content\/uploads\/2016\/06\/05-1.jpg\" class=\"attachment-full size-full\" alt=\"\" srcset=\"https:\/\/vetobjat.fr\/wp-content\/uploads\/2016\/06\/05-1.jpg 1920w, https:\/\/vetobjat.fr\/wp-content\/uploads\/2016\/06\/05-1-300x169.jpg 300w, https:\/\/vetobjat.fr\/wp-content\/uploads\/2016\/06\/05-1-768x432.jpg 768w, https:\/\/vetobjat.fr\/wp-content\/uploads\/2016\/06\/05-1-1024x576.jpg 1024w, https:\/\/vetobjat.fr\/wp-content\/uploads\/2016\/06\/05-1-600x338.jpg 600w, https:\/\/vetobjat.fr\/wp-content\/uploads\/2016\/06\/05-1-580x326.jpg 580w, https:\/\/vetobjat.fr\/wp-content\/uploads\/2016\/06\/05-1-860x484.jpg 860w, https:\/\/vetobjat.fr\/wp-content\/uploads\/2016\/06\/05-1-1160x653.jpg 1160w\" sizes=\"auto, (max-width: 1920px) 100vw, 1920px\" \/><\/a><\/figure><\/li><li class=\"cmsmasters_gallery_item\"><figure><a href=\"https:\/\/vetobjat.fr\/wp-content\/uploads\/2016\/06\/04-1.jpg\" rel=\"ilightbox[ec2230c934]\"><img loading=\"lazy\" decoding=\"async\" width=\"1920\" height=\"1080\" src=\"https:\/\/vetobjat.fr\/wp-content\/uploads\/2016\/06\/04-1.jpg\" class=\"attachment-full size-full\" alt=\"\" srcset=\"https:\/\/vetobjat.fr\/wp-content\/uploads\/2016\/06\/04-1.jpg 1920w, https:\/\/vetobjat.fr\/wp-content\/uploads\/2016\/06\/04-1-300x169.jpg 300w, https:\/\/vetobjat.fr\/wp-content\/uploads\/2016\/06\/04-1-768x432.jpg 768w, https:\/\/vetobjat.fr\/wp-content\/uploads\/2016\/06\/04-1-1024x576.jpg 1024w, https:\/\/vetobjat.fr\/wp-content\/uploads\/2016\/06\/04-1-600x338.jpg 600w, https:\/\/vetobjat.fr\/wp-content\/uploads\/2016\/06\/04-1-580x326.jpg 580w, https:\/\/vetobjat.fr\/wp-content\/uploads\/2016\/06\/04-1-860x484.jpg 860w, https:\/\/vetobjat.fr\/wp-content\/uploads\/2016\/06\/04-1-1160x653.jpg 1160w\" sizes=\"auto, (max-width: 1920px) 100vw, 1920px\" \/><\/a><\/figure><\/li><li class=\"cmsmasters_gallery_item\"><figure><a href=\"https:\/\/vetobjat.fr\/wp-content\/uploads\/2016\/06\/03-1.jpg\" rel=\"ilightbox[ec2230c934]\"><img loading=\"lazy\" decoding=\"async\" width=\"1920\" height=\"1080\" src=\"https:\/\/vetobjat.fr\/wp-content\/uploads\/2016\/06\/03-1.jpg\" class=\"attachment-full size-full\" alt=\"\" srcset=\"https:\/\/vetobjat.fr\/wp-content\/uploads\/2016\/06\/03-1.jpg 1920w, https:\/\/vetobjat.fr\/wp-content\/uploads\/2016\/06\/03-1-300x169.jpg 300w, https:\/\/vetobjat.fr\/wp-content\/uploads\/2016\/06\/03-1-768x432.jpg 768w, https:\/\/vetobjat.fr\/wp-content\/uploads\/2016\/06\/03-1-1024x576.jpg 1024w, https:\/\/vetobjat.fr\/wp-content\/uploads\/2016\/06\/03-1-600x338.jpg 600w, https:\/\/vetobjat.fr\/wp-content\/uploads\/2016\/06\/03-1-580x326.jpg 580w, https:\/\/vetobjat.fr\/wp-content\/uploads\/2016\/06\/03-1-860x484.jpg 860w, https:\/\/vetobjat.fr\/wp-content\/uploads\/2016\/06\/03-1-1160x653.jpg 1160w\" sizes=\"auto, (max-width: 1920px) 100vw, 1920px\" \/><\/a><\/figure><\/li><\/ul><\/div>\n<\/div><\/div>\n<\/div>\n<\/div>\n<\/div>\n<\/div>\n<\/div>\n\n","protected":false},"excerpt":{"rendered":"","protected":false},"author":1,"featured_media":0,"parent":0,"menu_order":0,"comment_status":"closed","ping_status":"open","template":"","meta":{"footnotes":""},"class_list":["post-261","page","type-page","status-publish","hentry"],"yoast_head":"<!-- This site is optimized with the Yoast SEO plugin v24.8.1 - https:\/\/yoast.com\/wordpress\/plugins\/seo\/ -->\n<title>Gallery - Clinique v\u00e9t\u00e9rinaire Objat<\/title>\n<meta name=\"robots\" content=\"index, follow, max-snippet:-1, max-image-preview:large, max-video-preview:-1\" \/>\n<link rel=\"canonical\" href=\"https:\/\/vetobjat.fr\/index.php\/gallery\/\" \/>\n<meta property=\"og:locale\" content=\"fr_FR\" \/>\n<meta property=\"og:type\" content=\"article\" \/>\n<meta property=\"og:title\" content=\"Gallery - Clinique v\u00e9t\u00e9rinaire Objat\" \/>\n<meta property=\"og:url\" content=\"https:\/\/vetobjat.fr\/index.php\/gallery\/\" \/>\n<meta property=\"og:site_name\" content=\"Clinique v\u00e9t\u00e9rinaire Objat\" \/>\n<meta name=\"twitter:card\" content=\"summary_large_image\" \/>\n<meta name=\"twitter:label1\" content=\"Dur\u00e9e de lecture estim\u00e9e\" \/>\n\t<meta name=\"twitter:data1\" content=\"2 minutes\" \/>\n<script type=\"application\/ld+json\" class=\"yoast-schema-graph\">{\"@context\":\"https:\/\/schema.org\",\"@graph\":[{\"@type\":\"WebPage\",\"@id\":\"https:\/\/vetobjat.fr\/index.php\/gallery\/\",\"url\":\"https:\/\/vetobjat.fr\/index.php\/gallery\/\",\"name\":\"Gallery - Clinique v\u00e9t\u00e9rinaire Objat\",\"isPartOf\":{\"@id\":\"https:\/\/vetobjat.fr\/#website\"},\"datePublished\":\"2015-04-16T09:41:22+00:00\",\"breadcrumb\":{\"@id\":\"https:\/\/vetobjat.fr\/index.php\/gallery\/#breadcrumb\"},\"inLanguage\":\"fr-FR\",\"potentialAction\":[{\"@type\":\"ReadAction\",\"target\":[\"https:\/\/vetobjat.fr\/index.php\/gallery\/\"]}]},{\"@type\":\"BreadcrumbList\",\"@id\":\"https:\/\/vetobjat.fr\/index.php\/gallery\/#breadcrumb\",\"itemListElement\":[{\"@type\":\"ListItem\",\"position\":1,\"name\":\"Accueil\",\"item\":\"https:\/\/vetobjat.fr\/\"},{\"@type\":\"ListItem\",\"position\":2,\"name\":\"Gallery\"}]},{\"@type\":\"WebSite\",\"@id\":\"https:\/\/vetobjat.fr\/#website\",\"url\":\"https:\/\/vetobjat.fr\/\",\"name\":\"Clinique v\u00e9t\u00e9rinaire Objat\",\"description\":\"V\u00e9t\u00e9rinaire animaux de compagnie et de la ferme\",\"potentialAction\":[{\"@type\":\"SearchAction\",\"target\":{\"@type\":\"EntryPoint\",\"urlTemplate\":\"https:\/\/vetobjat.fr\/?s={search_term_string}\"},\"query-input\":{\"@type\":\"PropertyValueSpecification\",\"valueRequired\":true,\"valueName\":\"search_term_string\"}}],\"inLanguage\":\"fr-FR\"}]}<\/script>\n<!-- \/ Yoast SEO plugin. -->","yoast_head_json":{"title":"Gallery - Clinique v\u00e9t\u00e9rinaire Objat","robots":{"index":"index","follow":"follow","max-snippet":"max-snippet:-1","max-image-preview":"max-image-preview:large","max-video-preview":"max-video-preview:-1"},"canonical":"https:\/\/vetobjat.fr\/index.php\/gallery\/","og_locale":"fr_FR","og_type":"article","og_title":"Gallery - Clinique v\u00e9t\u00e9rinaire Objat","og_url":"https:\/\/vetobjat.fr\/index.php\/gallery\/","og_site_name":"Clinique v\u00e9t\u00e9rinaire Objat","twitter_card":"summary_large_image","twitter_misc":{"Dur\u00e9e de lecture estim\u00e9e":"2 minutes"},"schema":{"@context":"https:\/\/schema.org","@graph":[{"@type":"WebPage","@id":"https:\/\/vetobjat.fr\/index.php\/gallery\/","url":"https:\/\/vetobjat.fr\/index.php\/gallery\/","name":"Gallery - Clinique v\u00e9t\u00e9rinaire Objat","isPartOf":{"@id":"https:\/\/vetobjat.fr\/#website"},"datePublished":"2015-04-16T09:41:22+00:00","breadcrumb":{"@id":"https:\/\/vetobjat.fr\/index.php\/gallery\/#breadcrumb"},"inLanguage":"fr-FR","potentialAction":[{"@type":"ReadAction","target":["https:\/\/vetobjat.fr\/index.php\/gallery\/"]}]},{"@type":"BreadcrumbList","@id":"https:\/\/vetobjat.fr\/index.php\/gallery\/#breadcrumb","itemListElement":[{"@type":"ListItem","position":1,"name":"Accueil","item":"https:\/\/vetobjat.fr\/"},{"@type":"ListItem","position":2,"name":"Gallery"}]},{"@type":"WebSite","@id":"https:\/\/vetobjat.fr\/#website","url":"https:\/\/vetobjat.fr\/","name":"Clinique v\u00e9t\u00e9rinaire Objat","description":"V\u00e9t\u00e9rinaire animaux de compagnie et de la ferme","potentialAction":[{"@type":"SearchAction","target":{"@type":"EntryPoint","urlTemplate":"https:\/\/vetobjat.fr\/?s={search_term_string}"},"query-input":{"@type":"PropertyValueSpecification","valueRequired":true,"valueName":"search_term_string"}}],"inLanguage":"fr-FR"}]}},"_links":{"self":[{"href":"https:\/\/vetobjat.fr\/index.php\/wp-json\/wp\/v2\/pages\/261","targetHints":{"allow":["GET"]}}],"collection":[{"href":"https:\/\/vetobjat.fr\/index.php\/wp-json\/wp\/v2\/pages"}],"about":[{"href":"https:\/\/vetobjat.fr\/index.php\/wp-json\/wp\/v2\/types\/page"}],"author":[{"embeddable":true,"href":"https:\/\/vetobjat.fr\/index.php\/wp-json\/wp\/v2\/users\/1"}],"replies":[{"embeddable":true,"href":"https:\/\/vetobjat.fr\/index.php\/wp-json\/wp\/v2\/comments?post=261"}],"version-history":[{"count":0,"href":"https:\/\/vetobjat.fr\/index.php\/wp-json\/wp\/v2\/pages\/261\/revisions"}],"wp:attachment":[{"href":"https:\/\/vetobjat.fr\/index.php\/wp-json\/wp\/v2\/media?parent=261"}],"curies":[{"name":"wp","href":"https:\/\/api.w.org\/{rel}","templated":true}]}}