{"id":545,"date":"2015-04-20T12:05:44","date_gmt":"2015-04-20T12:05:44","guid":{"rendered":"http:\/\/welfare.cmsmasters.net\/?page_id=545"},"modified":"2015-04-20T12:05:44","modified_gmt":"2015-04-20T12:05:44","slug":"portfolio-shortcode","status":"publish","type":"page","link":"https:\/\/vetobjat.fr\/index.php\/portfolio-shortcode\/","title":{"rendered":"Portfolio Shortcode"},"content":{"rendered":"<div id=\"cmsmasters_row_cb79ee94bc\" class=\"cmsmasters_row cmsmasters_color_scheme_default cmsmasters_row_top_default cmsmasters_row_bot_default cmsmasters_row_boxed\">\n<div class=\"cmsmasters_row_outer_parent\">\n<div class=\"cmsmasters_row_outer\">\n<div class=\"cmsmasters_row_inner\">\n<div class=\"cmsmasters_row_margin\">\n<div id=\"cmsmasters_column_\" class=\"cmsmasters_column one_first\">\n<div class=\"cmsmasters_column_inner\"><div id=\"cmsmasters_heading_aac258c4c2\" class=\"cmsmasters_heading_wrap cmsmasters_heading_align_left\">\n\t<h2 class=\"cmsmasters_heading\"> Portfolio Grid with Large Gap <\/h2>\n<\/div><div id=\"portfolio_2fe54dd921\" class=\"cmsmasters_wrap_portfolio entry-summary\" data-layout=\"grid\" data-layout-mode=\"perfect\" data-url=\"https:\/\/vetobjat.fr\/wp-content\/plugins\/cmsmasters-content-composer\/\" data-orderby=\"date\" data-order=\"ASC\" data-count=\"6\" data-categories=\"pediatric,pharmacy,rehabilitation,services,surgery,therapy\" data-metadata=\"title,categories,rollover,icon\"><div class=\"portfolio grid large_gap perfect cmsmasters_3\"><!-- Start Project Grid Article -->\r\n<article id=\"post-8414\" class=\"cmsmasters_project_grid post-8414 project type-project status-publish format-standard has-post-thumbnail hentry pj-categs-services\" data-category=\"services\">\r\n\t<div class=\"project_outer\">\r\n\t<figure class=\"cmsmasters_img_rollover_wrap preloader\"><img loading=\"lazy\" decoding=\"async\" width=\"580\" height=\"360\" src=\"https:\/\/vetobjat.fr\/wp-content\/uploads\/2016\/09\/radio-580x360.jpg\" class=\"full-width wp-post-image\" alt=\"Radiographie num\u00e9rique\" title=\"Radiographie num\u00e9rique\" \/><div class=\"cmsmasters_img_rollover\"><a href=\"https:\/\/vetobjat.fr\/index.php\/project\/outpatient-rehabilitation\/\" title=\"Radiographie num\u00e9rique\" class=\"cmsmasters_open_post_link\"><span class=\"cmsmasters-icon-custom-28\"><\/span><\/a><\/div><\/figure><div class=\"project_inner\"><header class=\"cmsmasters_project_header entry-header\"><h3 class=\"cmsmasters_project_title entry-title\"><a href=\"https:\/\/vetobjat.fr\/index.php\/project\/outpatient-rehabilitation\/\">Radiographie num\u00e9rique<\/a><\/h3><\/header><div class=\"cmsmasters_project_cont_info entry-meta\"><span class=\"cmsmasters_project_category\">In <a href=\"https:\/\/vetobjat.fr\/index.php\/pj-categs\/services\/\" class=\"cmsmasters_cat_color cmsmasters_cat_45\" rel=\"category tag\">Services<\/a><\/span><\/div><\/div><span class=\"dn meta-date\">20160906083206<\/span>\t<\/div>\r\n<\/article>\r\n<!-- Finish Project Grid Article -->\r\n\r\n<!-- Start Project Grid Article -->\r\n<article id=\"post-913\" class=\"cmsmasters_project_grid post-913 project type-project status-publish format-standard has-post-thumbnail hentry pj-categs-therapy\" data-category=\"therapy\">\r\n\t<div class=\"project_outer\">\r\n\t<figure class=\"cmsmasters_img_rollover_wrap preloader\"><img loading=\"lazy\" decoding=\"async\" width=\"580\" height=\"360\" src=\"https:\/\/vetobjat.fr\/wp-content\/uploads\/2016\/09\/laser-therapeutique-580x360.jpg\" class=\"full-width wp-post-image\" alt=\"Laser-therapeutique\" title=\"Laser-therapeutique\" \/><div class=\"cmsmasters_img_rollover\"><a href=\"https:\/\/vetobjat.fr\/index.php\/project\/laryngological-clinic\/\" title=\"Laser-therapeutique\" class=\"cmsmasters_open_post_link\"><span class=\"cmsmasters-icon-custom-8\"><\/span><\/a><\/div><\/figure><div class=\"project_inner\"><header class=\"cmsmasters_project_header entry-header\"><h3 class=\"cmsmasters_project_title entry-title\"><a href=\"https:\/\/vetobjat.fr\/index.php\/project\/laryngological-clinic\/\">Laser-therapeutique<\/a><\/h3><\/header><div class=\"cmsmasters_project_cont_info entry-meta\"><span class=\"cmsmasters_project_category\">In <a href=\"https:\/\/vetobjat.fr\/index.php\/pj-categs\/therapy\/\" class=\"cmsmasters_cat_color cmsmasters_cat_49\" rel=\"category tag\">Therapy<\/a><\/span><\/div><\/div><span class=\"dn meta-date\">20160906090514<\/span>\t<\/div>\r\n<\/article>\r\n<!-- Finish Project Grid Article -->\r\n\r\n<!-- Start Project Grid Article -->\r\n<article id=\"post-617\" class=\"cmsmasters_project_grid post-617 project type-project status-publish format-standard has-post-thumbnail hentry pj-categs-services\" data-category=\"services\">\r\n\t<div class=\"project_outer\">\r\n\t<figure class=\"cmsmasters_img_rollover_wrap preloader\"><img loading=\"lazy\" decoding=\"async\" width=\"213\" height=\"159\" src=\"https:\/\/vetobjat.fr\/wp-content\/uploads\/2016\/09\/echographie.jpg\" class=\"full-width wp-post-image\" alt=\"\u00c9chographie\" title=\"\u00c9chographie\" \/><div class=\"cmsmasters_img_rollover\"><a href=\"https:\/\/vetobjat.fr\/index.php\/project\/pediatric-clinic\/\" title=\"\u00c9chographie\" class=\"cmsmasters_open_post_link\"><span class=\"cmsmasters-icon-custom-28\"><\/span><\/a><\/div><\/figure><div class=\"project_inner\"><header class=\"cmsmasters_project_header entry-header\"><h3 class=\"cmsmasters_project_title entry-title\"><a href=\"https:\/\/vetobjat.fr\/index.php\/project\/pediatric-clinic\/\">\u00c9chographie<\/a><\/h3><\/header><div class=\"cmsmasters_project_cont_info entry-meta\"><span class=\"cmsmasters_project_category\">In <a href=\"https:\/\/vetobjat.fr\/index.php\/pj-categs\/services\/\" class=\"cmsmasters_cat_color cmsmasters_cat_45\" rel=\"category tag\">Services<\/a><\/span><\/div><\/div><span class=\"dn meta-date\">20160906135801<\/span>\t<\/div>\r\n<\/article>\r\n<!-- Finish Project Grid Article -->\r\n\r\n<\/div><div class=\"cmsmasters_wrap_more_projects cmsmasters_wrap_more_items\"><\/div><\/div>\n<\/div><\/div>\n<\/div>\n<\/div>\n<\/div>\n<\/div>\n<\/div>\n<div id=\"cmsmasters_row_7522fd8ae3\" class=\"cmsmasters_row cmsmasters_color_scheme_default cmsmasters_row_top_default cmsmasters_row_bot_default cmsmasters_row_boxed\">\n<div class=\"cmsmasters_row_outer_parent\">\n<div class=\"cmsmasters_row_outer\">\n<div class=\"cmsmasters_row_inner\">\n<div class=\"cmsmasters_row_margin\">\n<div id=\"cmsmasters_column_\" class=\"cmsmasters_column one_first\">\n<div class=\"cmsmasters_column_inner\"><div id=\"cmsmasters_heading_ba2ea30438\" class=\"cmsmasters_heading_wrap cmsmasters_heading_align_left\">\n\t<h2 class=\"cmsmasters_heading\"> Portfolio Grid with 1 Pixel Gap <\/h2>\n<\/div><div id=\"portfolio_e155ff1467\" class=\"cmsmasters_wrap_portfolio entry-summary\" data-layout=\"grid\" data-layout-mode=\"perfect\" data-url=\"https:\/\/vetobjat.fr\/wp-content\/plugins\/cmsmasters-content-composer\/\" data-orderby=\"date\" data-order=\"ASC\" data-count=\"6\" data-categories=\"pediatric,pharmacy,rehabilitation,services,surgery,therapy\" data-metadata=\"rollover,icon\"><div class=\"portfolio grid small_gap perfect cmsmasters_3\"><!-- Start Project Grid Article -->\r\n<article id=\"post-8414\" class=\"cmsmasters_project_grid post-8414 project type-project status-publish format-standard has-post-thumbnail hentry pj-categs-services\" data-category=\"services\">\r\n\t<div class=\"project_outer\">\r\n\t<figure class=\"cmsmasters_img_rollover_wrap preloader\"><img loading=\"lazy\" decoding=\"async\" width=\"580\" height=\"360\" src=\"https:\/\/vetobjat.fr\/wp-content\/uploads\/2016\/09\/radio-580x360.jpg\" class=\"full-width wp-post-image\" alt=\"Radiographie num\u00e9rique\" title=\"Radiographie num\u00e9rique\" \/><div class=\"cmsmasters_img_rollover\"><a href=\"https:\/\/vetobjat.fr\/index.php\/project\/outpatient-rehabilitation\/\" title=\"Radiographie num\u00e9rique\" class=\"cmsmasters_open_post_link\"><span class=\"cmsmasters-icon-custom-28\"><\/span><\/a><\/div><\/figure><div class=\"dn\"><header class=\"cmsmasters_project_header entry-header\"><h6 class=\"cmsmasters_project_title entry-title\"><a href=\"https:\/\/vetobjat.fr\/index.php\/project\/outpatient-rehabilitation\/\">Radiographie num\u00e9rique<\/a><\/h6><\/header><\/div><span class=\"dn meta-date\">20160906083206<\/span>\t<\/div>\r\n<\/article>\r\n<!-- Finish Project Grid Article -->\r\n\r\n<!-- Start Project Grid Article -->\r\n<article id=\"post-913\" class=\"cmsmasters_project_grid post-913 project type-project status-publish format-standard has-post-thumbnail hentry pj-categs-therapy\" data-category=\"therapy\">\r\n\t<div class=\"project_outer\">\r\n\t<figure class=\"cmsmasters_img_rollover_wrap preloader\"><img loading=\"lazy\" decoding=\"async\" width=\"580\" height=\"360\" src=\"https:\/\/vetobjat.fr\/wp-content\/uploads\/2016\/09\/laser-therapeutique-580x360.jpg\" class=\"full-width wp-post-image\" alt=\"Laser-therapeutique\" title=\"Laser-therapeutique\" \/><div class=\"cmsmasters_img_rollover\"><a href=\"https:\/\/vetobjat.fr\/index.php\/project\/laryngological-clinic\/\" title=\"Laser-therapeutique\" class=\"cmsmasters_open_post_link\"><span class=\"cmsmasters-icon-custom-8\"><\/span><\/a><\/div><\/figure><div class=\"dn\"><header class=\"cmsmasters_project_header entry-header\"><h6 class=\"cmsmasters_project_title entry-title\"><a href=\"https:\/\/vetobjat.fr\/index.php\/project\/laryngological-clinic\/\">Laser-therapeutique<\/a><\/h6><\/header><\/div><span class=\"dn meta-date\">20160906090514<\/span>\t<\/div>\r\n<\/article>\r\n<!-- Finish Project Grid Article -->\r\n\r\n<!-- Start Project Grid Article -->\r\n<article id=\"post-617\" class=\"cmsmasters_project_grid post-617 project type-project status-publish format-standard has-post-thumbnail hentry pj-categs-services\" data-category=\"services\">\r\n\t<div class=\"project_outer\">\r\n\t<figure class=\"cmsmasters_img_rollover_wrap preloader\"><img loading=\"lazy\" decoding=\"async\" width=\"213\" height=\"159\" src=\"https:\/\/vetobjat.fr\/wp-content\/uploads\/2016\/09\/echographie.jpg\" class=\"full-width wp-post-image\" alt=\"\u00c9chographie\" title=\"\u00c9chographie\" \/><div class=\"cmsmasters_img_rollover\"><a href=\"https:\/\/vetobjat.fr\/index.php\/project\/pediatric-clinic\/\" title=\"\u00c9chographie\" class=\"cmsmasters_open_post_link\"><span class=\"cmsmasters-icon-custom-28\"><\/span><\/a><\/div><\/figure><div class=\"dn\"><header class=\"cmsmasters_project_header entry-header\"><h6 class=\"cmsmasters_project_title entry-title\"><a href=\"https:\/\/vetobjat.fr\/index.php\/project\/pediatric-clinic\/\">\u00c9chographie<\/a><\/h6><\/header><\/div><span class=\"dn meta-date\">20160906135801<\/span>\t<\/div>\r\n<\/article>\r\n<!-- Finish Project Grid Article -->\r\n\r\n<\/div><div class=\"cmsmasters_wrap_more_projects cmsmasters_wrap_more_items\"><\/div><\/div>\n<\/div><\/div>\n<\/div>\n<\/div>\n<\/div>\n<\/div>\n<\/div>\n<div id=\"cmsmasters_row_091dfed0eb\" class=\"cmsmasters_row cmsmasters_color_scheme_default cmsmasters_row_top_default cmsmasters_row_bot_default cmsmasters_row_boxed\">\n<div class=\"cmsmasters_row_outer_parent\">\n<div class=\"cmsmasters_row_outer\">\n<div class=\"cmsmasters_row_inner\">\n<div class=\"cmsmasters_row_margin\">\n<div id=\"cmsmasters_column_\" class=\"cmsmasters_column one_first\">\n<div class=\"cmsmasters_column_inner\"><div id=\"cmsmasters_heading_3a5d4e55e6\" class=\"cmsmasters_heading_wrap cmsmasters_heading_align_left\">\n\t<h2 class=\"cmsmasters_heading\"> Portfolio Grid with No Gap <\/h2>\n<\/div><div id=\"portfolio_5e9894e2e7\" class=\"cmsmasters_wrap_portfolio entry-summary\" data-layout=\"grid\" data-layout-mode=\"perfect\" data-url=\"https:\/\/vetobjat.fr\/wp-content\/plugins\/cmsmasters-content-composer\/\" data-orderby=\"date\" data-order=\"ASC\" data-count=\"6\" data-categories=\"pediatric,pharmacy,rehabilitation,services,surgery,therapy\" data-metadata=\"rollover,icon\"><div class=\"portfolio grid zero_gap perfect cmsmasters_3\"><!-- Start Project Grid Article -->\r\n<article id=\"post-8414\" class=\"cmsmasters_project_grid post-8414 project type-project status-publish format-standard has-post-thumbnail hentry pj-categs-services\" data-category=\"services\">\r\n\t<div class=\"project_outer\">\r\n\t<figure class=\"cmsmasters_img_rollover_wrap preloader\"><img loading=\"lazy\" decoding=\"async\" width=\"580\" height=\"360\" src=\"https:\/\/vetobjat.fr\/wp-content\/uploads\/2016\/09\/radio-580x360.jpg\" class=\"full-width wp-post-image\" alt=\"Radiographie num\u00e9rique\" title=\"Radiographie num\u00e9rique\" \/><div class=\"cmsmasters_img_rollover\"><a href=\"https:\/\/vetobjat.fr\/index.php\/project\/outpatient-rehabilitation\/\" title=\"Radiographie num\u00e9rique\" class=\"cmsmasters_open_post_link\"><span class=\"cmsmasters-icon-custom-28\"><\/span><\/a><\/div><\/figure><div class=\"dn\"><header class=\"cmsmasters_project_header entry-header\"><h6 class=\"cmsmasters_project_title entry-title\"><a href=\"https:\/\/vetobjat.fr\/index.php\/project\/outpatient-rehabilitation\/\">Radiographie num\u00e9rique<\/a><\/h6><\/header><\/div><span class=\"dn meta-date\">20160906083206<\/span>\t<\/div>\r\n<\/article>\r\n<!-- Finish Project Grid Article -->\r\n\r\n<!-- Start Project Grid Article -->\r\n<article id=\"post-913\" class=\"cmsmasters_project_grid post-913 project type-project status-publish format-standard has-post-thumbnail hentry pj-categs-therapy\" data-category=\"therapy\">\r\n\t<div class=\"project_outer\">\r\n\t<figure class=\"cmsmasters_img_rollover_wrap preloader\"><img loading=\"lazy\" decoding=\"async\" width=\"580\" height=\"360\" src=\"https:\/\/vetobjat.fr\/wp-content\/uploads\/2016\/09\/laser-therapeutique-580x360.jpg\" class=\"full-width wp-post-image\" alt=\"Laser-therapeutique\" title=\"Laser-therapeutique\" \/><div class=\"cmsmasters_img_rollover\"><a href=\"https:\/\/vetobjat.fr\/index.php\/project\/laryngological-clinic\/\" title=\"Laser-therapeutique\" class=\"cmsmasters_open_post_link\"><span class=\"cmsmasters-icon-custom-8\"><\/span><\/a><\/div><\/figure><div class=\"dn\"><header class=\"cmsmasters_project_header entry-header\"><h6 class=\"cmsmasters_project_title entry-title\"><a href=\"https:\/\/vetobjat.fr\/index.php\/project\/laryngological-clinic\/\">Laser-therapeutique<\/a><\/h6><\/header><\/div><span class=\"dn meta-date\">20160906090514<\/span>\t<\/div>\r\n<\/article>\r\n<!-- Finish Project Grid Article -->\r\n\r\n<!-- Start Project Grid Article -->\r\n<article id=\"post-617\" class=\"cmsmasters_project_grid post-617 project type-project status-publish format-standard has-post-thumbnail hentry pj-categs-services\" data-category=\"services\">\r\n\t<div class=\"project_outer\">\r\n\t<figure class=\"cmsmasters_img_rollover_wrap preloader\"><img loading=\"lazy\" decoding=\"async\" width=\"213\" height=\"159\" src=\"https:\/\/vetobjat.fr\/wp-content\/uploads\/2016\/09\/echographie.jpg\" class=\"full-width wp-post-image\" alt=\"\u00c9chographie\" title=\"\u00c9chographie\" \/><div class=\"cmsmasters_img_rollover\"><a href=\"https:\/\/vetobjat.fr\/index.php\/project\/pediatric-clinic\/\" title=\"\u00c9chographie\" class=\"cmsmasters_open_post_link\"><span class=\"cmsmasters-icon-custom-28\"><\/span><\/a><\/div><\/figure><div class=\"dn\"><header class=\"cmsmasters_project_header entry-header\"><h6 class=\"cmsmasters_project_title entry-title\"><a href=\"https:\/\/vetobjat.fr\/index.php\/project\/pediatric-clinic\/\">\u00c9chographie<\/a><\/h6><\/header><\/div><span class=\"dn meta-date\">20160906135801<\/span>\t<\/div>\r\n<\/article>\r\n<!-- Finish Project Grid Article -->\r\n\r\n<\/div><div class=\"cmsmasters_wrap_more_projects cmsmasters_wrap_more_items\"><\/div><\/div>\n<\/div><\/div>\n<\/div>\n<\/div>\n<\/div>\n<\/div>\n<\/div>\n\n","protected":false},"excerpt":{"rendered":"","protected":false},"author":1,"featured_media":0,"parent":0,"menu_order":0,"comment_status":"closed","ping_status":"open","template":"","meta":{"footnotes":""},"class_list":["post-545","page","type-page","status-publish","hentry"],"yoast_head":"<!-- This site is optimized with the Yoast SEO plugin v24.8.1 - https:\/\/yoast.com\/wordpress\/plugins\/seo\/ -->\n<title>Portfolio Shortcode - Clinique v\u00e9t\u00e9rinaire Objat<\/title>\n<meta name=\"robots\" content=\"index, follow, max-snippet:-1, max-image-preview:large, max-video-preview:-1\" \/>\n<link rel=\"canonical\" href=\"https:\/\/vetobjat.fr\/index.php\/portfolio-shortcode\/\" \/>\n<meta property=\"og:locale\" content=\"fr_FR\" \/>\n<meta property=\"og:type\" content=\"article\" \/>\n<meta property=\"og:title\" content=\"Portfolio Shortcode - Clinique v\u00e9t\u00e9rinaire Objat\" \/>\n<meta property=\"og:url\" content=\"https:\/\/vetobjat.fr\/index.php\/portfolio-shortcode\/\" \/>\n<meta property=\"og:site_name\" content=\"Clinique v\u00e9t\u00e9rinaire Objat\" \/>\n<meta name=\"twitter:card\" content=\"summary_large_image\" \/>\n<meta name=\"twitter:label1\" content=\"Dur\u00e9e de lecture estim\u00e9e\" \/>\n\t<meta name=\"twitter:data1\" content=\"1 minute\" \/>\n<script type=\"application\/ld+json\" class=\"yoast-schema-graph\">{\"@context\":\"https:\/\/schema.org\",\"@graph\":[{\"@type\":\"WebPage\",\"@id\":\"https:\/\/vetobjat.fr\/index.php\/portfolio-shortcode\/\",\"url\":\"https:\/\/vetobjat.fr\/index.php\/portfolio-shortcode\/\",\"name\":\"Portfolio Shortcode - Clinique v\u00e9t\u00e9rinaire Objat\",\"isPartOf\":{\"@id\":\"https:\/\/vetobjat.fr\/#website\"},\"datePublished\":\"2015-04-20T12:05:44+00:00\",\"breadcrumb\":{\"@id\":\"https:\/\/vetobjat.fr\/index.php\/portfolio-shortcode\/#breadcrumb\"},\"inLanguage\":\"fr-FR\",\"potentialAction\":[{\"@type\":\"ReadAction\",\"target\":[\"https:\/\/vetobjat.fr\/index.php\/portfolio-shortcode\/\"]}]},{\"@type\":\"BreadcrumbList\",\"@id\":\"https:\/\/vetobjat.fr\/index.php\/portfolio-shortcode\/#breadcrumb\",\"itemListElement\":[{\"@type\":\"ListItem\",\"position\":1,\"name\":\"Accueil\",\"item\":\"https:\/\/vetobjat.fr\/\"},{\"@type\":\"ListItem\",\"position\":2,\"name\":\"Portfolio Shortcode\"}]},{\"@type\":\"WebSite\",\"@id\":\"https:\/\/vetobjat.fr\/#website\",\"url\":\"https:\/\/vetobjat.fr\/\",\"name\":\"Clinique v\u00e9t\u00e9rinaire Objat\",\"description\":\"V\u00e9t\u00e9rinaire animaux de compagnie et de la ferme\",\"potentialAction\":[{\"@type\":\"SearchAction\",\"target\":{\"@type\":\"EntryPoint\",\"urlTemplate\":\"https:\/\/vetobjat.fr\/?s={search_term_string}\"},\"query-input\":{\"@type\":\"PropertyValueSpecification\",\"valueRequired\":true,\"valueName\":\"search_term_string\"}}],\"inLanguage\":\"fr-FR\"}]}<\/script>\n<!-- \/ Yoast SEO plugin. -->","yoast_head_json":{"title":"Portfolio Shortcode - Clinique v\u00e9t\u00e9rinaire Objat","robots":{"index":"index","follow":"follow","max-snippet":"max-snippet:-1","max-image-preview":"max-image-preview:large","max-video-preview":"max-video-preview:-1"},"canonical":"https:\/\/vetobjat.fr\/index.php\/portfolio-shortcode\/","og_locale":"fr_FR","og_type":"article","og_title":"Portfolio Shortcode - Clinique v\u00e9t\u00e9rinaire Objat","og_url":"https:\/\/vetobjat.fr\/index.php\/portfolio-shortcode\/","og_site_name":"Clinique v\u00e9t\u00e9rinaire Objat","twitter_card":"summary_large_image","twitter_misc":{"Dur\u00e9e de lecture estim\u00e9e":"1 minute"},"schema":{"@context":"https:\/\/schema.org","@graph":[{"@type":"WebPage","@id":"https:\/\/vetobjat.fr\/index.php\/portfolio-shortcode\/","url":"https:\/\/vetobjat.fr\/index.php\/portfolio-shortcode\/","name":"Portfolio Shortcode - Clinique v\u00e9t\u00e9rinaire Objat","isPartOf":{"@id":"https:\/\/vetobjat.fr\/#website"},"datePublished":"2015-04-20T12:05:44+00:00","breadcrumb":{"@id":"https:\/\/vetobjat.fr\/index.php\/portfolio-shortcode\/#breadcrumb"},"inLanguage":"fr-FR","potentialAction":[{"@type":"ReadAction","target":["https:\/\/vetobjat.fr\/index.php\/portfolio-shortcode\/"]}]},{"@type":"BreadcrumbList","@id":"https:\/\/vetobjat.fr\/index.php\/portfolio-shortcode\/#breadcrumb","itemListElement":[{"@type":"ListItem","position":1,"name":"Accueil","item":"https:\/\/vetobjat.fr\/"},{"@type":"ListItem","position":2,"name":"Portfolio Shortcode"}]},{"@type":"WebSite","@id":"https:\/\/vetobjat.fr\/#website","url":"https:\/\/vetobjat.fr\/","name":"Clinique v\u00e9t\u00e9rinaire Objat","description":"V\u00e9t\u00e9rinaire animaux de compagnie et de la ferme","potentialAction":[{"@type":"SearchAction","target":{"@type":"EntryPoint","urlTemplate":"https:\/\/vetobjat.fr\/?s={search_term_string}"},"query-input":{"@type":"PropertyValueSpecification","valueRequired":true,"valueName":"search_term_string"}}],"inLanguage":"fr-FR"}]}},"_links":{"self":[{"href":"https:\/\/vetobjat.fr\/index.php\/wp-json\/wp\/v2\/pages\/545","targetHints":{"allow":["GET"]}}],"collection":[{"href":"https:\/\/vetobjat.fr\/index.php\/wp-json\/wp\/v2\/pages"}],"about":[{"href":"https:\/\/vetobjat.fr\/index.php\/wp-json\/wp\/v2\/types\/page"}],"author":[{"embeddable":true,"href":"https:\/\/vetobjat.fr\/index.php\/wp-json\/wp\/v2\/users\/1"}],"replies":[{"embeddable":true,"href":"https:\/\/vetobjat.fr\/index.php\/wp-json\/wp\/v2\/comments?post=545"}],"version-history":[{"count":0,"href":"https:\/\/vetobjat.fr\/index.php\/wp-json\/wp\/v2\/pages\/545\/revisions"}],"wp:attachment":[{"href":"https:\/\/vetobjat.fr\/index.php\/wp-json\/wp\/v2\/media?parent=545"}],"curies":[{"name":"wp","href":"https:\/\/api.w.org\/{rel}","templated":true}]}}