{"id":60,"date":"2015-04-15T10:57:41","date_gmt":"2015-04-15T10:57:41","guid":{"rendered":"http:\/\/welfare.cmsmasters.net\/?page_id=60"},"modified":"2018-12-24T19:09:43","modified_gmt":"2018-12-24T18:09:43","slug":"contacts","status":"publish","type":"page","link":"https:\/\/vetobjat.fr\/index.php\/contacts\/","title":{"rendered":"Contact"},"content":{"rendered":"<div id=\"cmsmasters_row_2f79a7d6f3\" class=\"cmsmasters_row cmsmasters_color_scheme_default cmsmasters_row_top_default cmsmasters_row_bot_default cmsmasters_row_fullwidth\">\n<div class=\"cmsmasters_row_outer_parent\">\n<div class=\"cmsmasters_row_outer\">\n<div class=\"cmsmasters_row_inner cmsmasters_row_fullwidth\">\n<div class=\"cmsmasters_row_margin\">\n<div id=\"cmsmasters_column_\" class=\"cmsmasters_column one_first\">\n<div class=\"cmsmasters_column_inner\"><div id=\"google_map_44db1c0695\" class=\"cmsmasters_google_map google_map\" data-address=\"34 Avenue Raymond Poincar\u00e9, 19130 Objat, France\" data-maptype=\"ROADMAP\" data-zoom=\"16\" data-scrollwheel=\"false\" data-doubleclickzoom=\"true\" data-pan-control=\"true\" data-zoom-control=\"true\" data-map-type-control=\"true\" data-scale-control=\"true\" data-street-view-control=\"true\" data-overview-map-control=\"true\" data-markers=\"address: 34 Avenue Raymond Poincar\u00e9, 19130 Objat, France\/\/\/|||\"><\/div>\n<\/div><\/div>\n<\/div>\n<\/div>\n<\/div>\n<\/div>\n<\/div>\n<div id=\"cmsmasters_row_553680d8d0\" class=\"cmsmasters_row cmsmasters_color_scheme_default cmsmasters_row_top_default cmsmasters_row_bot_default cmsmasters_row_boxed\">\n<div class=\"cmsmasters_row_outer_parent\">\n<div class=\"cmsmasters_row_outer\">\n<div class=\"cmsmasters_row_inner\">\n<div class=\"cmsmasters_row_margin\">\n<div id=\"cmsmasters_column_\" class=\"cmsmasters_column one_half\">\n<div class=\"cmsmasters_column_inner\"><div id=\"cmsmasters_heading_99c7bf1b54\" class=\"cmsmasters_heading_wrap cmsmasters_heading_align_left\">\n\t<h2 class=\"cmsmasters_heading\">Contact info<\/h2>\n<\/div><div class=\"cmsmasters_text\">\n<div class=\"wpb_text_column wpb_content_element \">\n<p class=\"Standard\">Lundi-vendredi : 8h-12h00\/13h30-19h00.<\/p>\n<p class=\"Standard\">Samedi\u00a0: 8h-12h00\/14h-16h30.<\/p>\n<p class=\"Standard\">Consultations canines sur rendez-vous<\/p>\n<p class=\"Standard\"><strong>Urgences assur\u00e9es jour et nuit au num\u00e9ro de la clinique.<\/strong><\/p>\n<\/div>\n<\/div>\n<div class=\"cmsmasters_img  cmsmasters_image_l\"><img decoding=\"async\" src=\"https:\/\/vetobjat.fr\/wp-content\/uploads\/2018\/12\/clinique_objat_nuit-300x200.jpg\" \/><\/div>\n<div id=\"cmsmasters_divider_4da11a67e5\" class=\"cl\"><\/div>\n<div id=\"cmsmasters_divider_6yuc17pn9e\" class=\"cmsmasters_divider cmsmasters_divider_width_short cmsmasters_divider_pos_center\"><\/div>\n<div class=\"cmsmasters_sidebar sidebar_layout_1212\"><aside id=\"custom-contact-info-4\" class=\"widget widget_custom_contact_info_entries\"><h3 class=\"widgettitle\">Clinique v\u00e9t\u00e9rinaire Objat<\/h3><div class=\"adr adress_wrap cmsmasters_theme_icon_user_address\"><span class=\"street-address contact_widget_address\">34 Avenue Raymond Poincar\u00e9<\/span><span class=\"locality contact_widget_city\">Objat<\/span><span class=\"postal-code contact_widget_zip\">19130<\/span><span class=\"country-name contact_widget_country\">France<\/span><\/div><span class=\"contact_widget_url cmsmasters_theme_icon_user_website\"><a class=\"url\" href=\"https:\/\/vetobjat.fr\/\">https:\/\/vetobjat.fr\/<\/a><\/span><span class=\"contact_widget_email cmsmasters_theme_icon_user_mail\"><a class=\"email\" href=\"mailto:co%6e%74&#97;&#99;&#116;&#64;&#118;eto%62&#106;&#97;t.f%72\">&#99;&#111;nta&#99;&#116;&#64;v&#101;t&#111;&#98;&#106;&#97;&#116;&#46;f&#114;<\/a><\/span><span class=\"contact_widget_phone cmsmasters_theme_icon_user_phone\"><span class=\"tel\">05 55 25 83 59<\/span><\/span><\/aside><div class=\"cl\"><\/div>\n<\/div>\n<\/div><\/div>\n<div id=\"cmsmasters_column_\" class=\"cmsmasters_column one_half\">\n<div class=\"cmsmasters_column_inner\"><div id=\"cmsmasters_heading_75e62f102d\" class=\"cmsmasters_heading_wrap cmsmasters_heading_align_left\">\n\t<h2 class=\"cmsmasters_heading\">Nous contacter<\/h2>\n<\/div>\n<div class=\"cmsmasters_contact_form\">\n<div class=\"wpcf7 no-js\" id=\"wpcf7-f6-o1\" lang=\"fr-FR\" dir=\"ltr\">\n<div class=\"screen-reader-response\"><p role=\"status\" aria-live=\"polite\" aria-atomic=\"true\"><\/p> <ul><\/ul><\/div>\n<form action=\"\/index.php\/wp-json\/wp\/v2\/pages\/60#wpcf7-f6-o1\" method=\"post\" class=\"wpcf7-form init\" aria-label=\"Formulaire de contact\" novalidate=\"novalidate\" data-status=\"init\">\n<div style=\"display: none;\">\n<input type=\"hidden\" name=\"_wpcf7\" value=\"6\" \/>\n<input type=\"hidden\" name=\"_wpcf7_version\" value=\"5.7.5.1\" \/>\n<input type=\"hidden\" name=\"_wpcf7_locale\" value=\"fr_FR\" \/>\n<input type=\"hidden\" name=\"_wpcf7_unit_tag\" value=\"wpcf7-f6-o1\" \/>\n<input type=\"hidden\" name=\"_wpcf7_container_post\" value=\"0\" \/>\n<input type=\"hidden\" name=\"_wpcf7_posted_data_hash\" value=\"\" \/>\n<input type=\"hidden\" name=\"_wpcf7_recaptcha_response\" value=\"\" \/>\n<\/div>\n<p><label> Votre nom (required)<br \/>\n<span class=\"wpcf7-form-control-wrap\" data-name=\"your-name\"><input size=\"40\" class=\"wpcf7-form-control wpcf7-text wpcf7-validates-as-required\" aria-required=\"true\" aria-invalid=\"false\" value=\"\" type=\"text\" name=\"your-name\" \/><\/span> <\/label>\n<\/p>\n<p><label> Votre email (required)<br \/>\n<span class=\"wpcf7-form-control-wrap\" data-name=\"your-email\"><input size=\"40\" class=\"wpcf7-form-control wpcf7-text wpcf7-email wpcf7-validates-as-required wpcf7-validates-as-email\" aria-required=\"true\" aria-invalid=\"false\" value=\"\" type=\"email\" name=\"your-email\" \/><\/span> <\/label>\n<\/p>\n<p><label> Objet<br \/>\n<span class=\"wpcf7-form-control-wrap\" data-name=\"your-subject\"><input size=\"40\" class=\"wpcf7-form-control wpcf7-text\" aria-invalid=\"false\" value=\"\" type=\"text\" name=\"your-subject\" \/><\/span> <\/label>\n<\/p>\n<p><label> Votre message<br \/>\n<span class=\"wpcf7-form-control-wrap\" data-name=\"your-message\"><textarea cols=\"40\" rows=\"10\" class=\"wpcf7-form-control wpcf7-textarea\" aria-invalid=\"false\" name=\"your-message\"><\/textarea><\/span> <\/label>\n<\/p>\n\n<p><span class=\"wpcf7-form-control-wrap\" data-name=\"acceptance-221\"><span class=\"wpcf7-form-control wpcf7-acceptance optional\"><span class=\"wpcf7-list-item\"><label><input type=\"checkbox\" name=\"acceptance-221\" value=\"1\" aria-invalid=\"false\" \/><span class=\"wpcf7-list-item-label\">J'accepte les conditions d'utilisation.<\/span><\/label><\/span><\/span><\/span>\n<\/p>\n<p><input class=\"wpcf7-form-control has-spinner wpcf7-submit\" type=\"submit\" value=\"Envoyer\" \/>\n<\/p><div class=\"wpcf7-response-output\" aria-hidden=\"true\"><\/div>\n<\/form>\n<\/div>\n<\/div>\n<\/div><\/div>\n<\/div>\n<\/div>\n<\/div>\n<\/div>\n<\/div>\n\n","protected":false},"excerpt":{"rendered":"","protected":false},"author":1,"featured_media":0,"parent":0,"menu_order":0,"comment_status":"closed","ping_status":"closed","template":"","meta":{"footnotes":""},"class_list":["post-60","page","type-page","status-publish","hentry"],"yoast_head":"<!-- This site is optimized with the Yoast SEO plugin v24.8.1 - https:\/\/yoast.com\/wordpress\/plugins\/seo\/ -->\n<title>Contact - Clinique v\u00e9t\u00e9rinaire Objat<\/title>\n<meta name=\"robots\" content=\"index, follow, max-snippet:-1, max-image-preview:large, max-video-preview:-1\" \/>\n<link rel=\"canonical\" href=\"https:\/\/vetobjat.fr\/index.php\/contacts\/\" \/>\n<meta property=\"og:locale\" content=\"fr_FR\" \/>\n<meta property=\"og:type\" content=\"article\" \/>\n<meta property=\"og:title\" content=\"Contact - Clinique v\u00e9t\u00e9rinaire Objat\" \/>\n<meta property=\"og:url\" content=\"https:\/\/vetobjat.fr\/index.php\/contacts\/\" \/>\n<meta property=\"og:site_name\" content=\"Clinique v\u00e9t\u00e9rinaire Objat\" \/>\n<meta property=\"article:modified_time\" content=\"2018-12-24T18:09:43+00:00\" \/>\n<meta name=\"twitter:card\" content=\"summary_large_image\" \/>\n<meta name=\"twitter:label1\" content=\"Dur\u00e9e de lecture estim\u00e9e\" \/>\n\t<meta name=\"twitter:data1\" content=\"2 minutes\" \/>\n<script type=\"application\/ld+json\" class=\"yoast-schema-graph\">{\"@context\":\"https:\/\/schema.org\",\"@graph\":[{\"@type\":\"WebPage\",\"@id\":\"https:\/\/vetobjat.fr\/index.php\/contacts\/\",\"url\":\"https:\/\/vetobjat.fr\/index.php\/contacts\/\",\"name\":\"Contact - Clinique v\u00e9t\u00e9rinaire Objat\",\"isPartOf\":{\"@id\":\"https:\/\/vetobjat.fr\/#website\"},\"datePublished\":\"2015-04-15T10:57:41+00:00\",\"dateModified\":\"2018-12-24T18:09:43+00:00\",\"breadcrumb\":{\"@id\":\"https:\/\/vetobjat.fr\/index.php\/contacts\/#breadcrumb\"},\"inLanguage\":\"fr-FR\",\"potentialAction\":[{\"@type\":\"ReadAction\",\"target\":[\"https:\/\/vetobjat.fr\/index.php\/contacts\/\"]}]},{\"@type\":\"BreadcrumbList\",\"@id\":\"https:\/\/vetobjat.fr\/index.php\/contacts\/#breadcrumb\",\"itemListElement\":[{\"@type\":\"ListItem\",\"position\":1,\"name\":\"Accueil\",\"item\":\"https:\/\/vetobjat.fr\/\"},{\"@type\":\"ListItem\",\"position\":2,\"name\":\"Contact\"}]},{\"@type\":\"WebSite\",\"@id\":\"https:\/\/vetobjat.fr\/#website\",\"url\":\"https:\/\/vetobjat.fr\/\",\"name\":\"Clinique v\u00e9t\u00e9rinaire Objat\",\"description\":\"V\u00e9t\u00e9rinaire animaux de compagnie et de la ferme\",\"potentialAction\":[{\"@type\":\"SearchAction\",\"target\":{\"@type\":\"EntryPoint\",\"urlTemplate\":\"https:\/\/vetobjat.fr\/?s={search_term_string}\"},\"query-input\":{\"@type\":\"PropertyValueSpecification\",\"valueRequired\":true,\"valueName\":\"search_term_string\"}}],\"inLanguage\":\"fr-FR\"}]}<\/script>\n<!-- \/ Yoast SEO plugin. -->","yoast_head_json":{"title":"Contact - Clinique v\u00e9t\u00e9rinaire Objat","robots":{"index":"index","follow":"follow","max-snippet":"max-snippet:-1","max-image-preview":"max-image-preview:large","max-video-preview":"max-video-preview:-1"},"canonical":"https:\/\/vetobjat.fr\/index.php\/contacts\/","og_locale":"fr_FR","og_type":"article","og_title":"Contact - Clinique v\u00e9t\u00e9rinaire Objat","og_url":"https:\/\/vetobjat.fr\/index.php\/contacts\/","og_site_name":"Clinique v\u00e9t\u00e9rinaire Objat","article_modified_time":"2018-12-24T18:09:43+00:00","twitter_card":"summary_large_image","twitter_misc":{"Dur\u00e9e de lecture estim\u00e9e":"2 minutes"},"schema":{"@context":"https:\/\/schema.org","@graph":[{"@type":"WebPage","@id":"https:\/\/vetobjat.fr\/index.php\/contacts\/","url":"https:\/\/vetobjat.fr\/index.php\/contacts\/","name":"Contact - Clinique v\u00e9t\u00e9rinaire Objat","isPartOf":{"@id":"https:\/\/vetobjat.fr\/#website"},"datePublished":"2015-04-15T10:57:41+00:00","dateModified":"2018-12-24T18:09:43+00:00","breadcrumb":{"@id":"https:\/\/vetobjat.fr\/index.php\/contacts\/#breadcrumb"},"inLanguage":"fr-FR","potentialAction":[{"@type":"ReadAction","target":["https:\/\/vetobjat.fr\/index.php\/contacts\/"]}]},{"@type":"BreadcrumbList","@id":"https:\/\/vetobjat.fr\/index.php\/contacts\/#breadcrumb","itemListElement":[{"@type":"ListItem","position":1,"name":"Accueil","item":"https:\/\/vetobjat.fr\/"},{"@type":"ListItem","position":2,"name":"Contact"}]},{"@type":"WebSite","@id":"https:\/\/vetobjat.fr\/#website","url":"https:\/\/vetobjat.fr\/","name":"Clinique v\u00e9t\u00e9rinaire Objat","description":"V\u00e9t\u00e9rinaire animaux de compagnie et de la ferme","potentialAction":[{"@type":"SearchAction","target":{"@type":"EntryPoint","urlTemplate":"https:\/\/vetobjat.fr\/?s={search_term_string}"},"query-input":{"@type":"PropertyValueSpecification","valueRequired":true,"valueName":"search_term_string"}}],"inLanguage":"fr-FR"}]}},"_links":{"self":[{"href":"https:\/\/vetobjat.fr\/index.php\/wp-json\/wp\/v2\/pages\/60","targetHints":{"allow":["GET"]}}],"collection":[{"href":"https:\/\/vetobjat.fr\/index.php\/wp-json\/wp\/v2\/pages"}],"about":[{"href":"https:\/\/vetobjat.fr\/index.php\/wp-json\/wp\/v2\/types\/page"}],"author":[{"embeddable":true,"href":"https:\/\/vetobjat.fr\/index.php\/wp-json\/wp\/v2\/users\/1"}],"replies":[{"embeddable":true,"href":"https:\/\/vetobjat.fr\/index.php\/wp-json\/wp\/v2\/comments?post=60"}],"version-history":[{"count":19,"href":"https:\/\/vetobjat.fr\/index.php\/wp-json\/wp\/v2\/pages\/60\/revisions"}],"predecessor-version":[{"id":13809,"href":"https:\/\/vetobjat.fr\/index.php\/wp-json\/wp\/v2\/pages\/60\/revisions\/13809"}],"wp:attachment":[{"href":"https:\/\/vetobjat.fr\/index.php\/wp-json\/wp\/v2\/media?parent=60"}],"curies":[{"name":"wp","href":"https:\/\/api.w.org\/{rel}","templated":true}]}}