{"id":7566,"date":"2015-04-15T08:15:11","date_gmt":"2015-04-15T08:15:11","guid":{"rendered":"http:\/\/welfare.cmsmasters.net\/shop\/"},"modified":"2015-04-15T08:15:11","modified_gmt":"2015-04-15T08:15:11","slug":"shop-2","status":"publish","type":"page","link":"https:\/\/vetobjat.fr\/index.php\/shop-2\/","title":{"rendered":"Shop"},"content":{"rendered":"","protected":false},"excerpt":{"rendered":"","protected":false},"author":1,"featured_media":0,"parent":0,"menu_order":0,"comment_status":"closed","ping_status":"open","template":"","meta":{"footnotes":""},"class_list":["post-7566","page","type-page","status-publish","hentry"],"yoast_head":"<!-- This site is optimized with the Yoast SEO plugin v24.8.1 - https:\/\/yoast.com\/wordpress\/plugins\/seo\/ -->\n<title>Shop - Clinique v\u00e9t\u00e9rinaire Objat<\/title>\n<meta name=\"robots\" content=\"index, follow, max-snippet:-1, max-image-preview:large, max-video-preview:-1\" \/>\n<link rel=\"canonical\" href=\"https:\/\/vetobjat.fr\/index.php\/shop-2\/\" \/>\n<meta property=\"og:locale\" content=\"fr_FR\" \/>\n<meta property=\"og:type\" content=\"article\" \/>\n<meta property=\"og:title\" content=\"Shop - Clinique v\u00e9t\u00e9rinaire Objat\" \/>\n<meta property=\"og:url\" content=\"https:\/\/vetobjat.fr\/index.php\/shop-2\/\" \/>\n<meta property=\"og:site_name\" content=\"Clinique v\u00e9t\u00e9rinaire Objat\" \/>\n<meta name=\"twitter:card\" content=\"summary_large_image\" \/>\n<script type=\"application\/ld+json\" class=\"yoast-schema-graph\">{\"@context\":\"https:\/\/schema.org\",\"@graph\":[{\"@type\":\"WebPage\",\"@id\":\"https:\/\/vetobjat.fr\/index.php\/shop-2\/\",\"url\":\"https:\/\/vetobjat.fr\/index.php\/shop-2\/\",\"name\":\"Shop - Clinique v\u00e9t\u00e9rinaire Objat\",\"isPartOf\":{\"@id\":\"https:\/\/vetobjat.fr\/#website\"},\"datePublished\":\"2015-04-15T08:15:11+00:00\",\"breadcrumb\":{\"@id\":\"https:\/\/vetobjat.fr\/index.php\/shop-2\/#breadcrumb\"},\"inLanguage\":\"fr-FR\",\"potentialAction\":[{\"@type\":\"ReadAction\",\"target\":[\"https:\/\/vetobjat.fr\/index.php\/shop-2\/\"]}]},{\"@type\":\"BreadcrumbList\",\"@id\":\"https:\/\/vetobjat.fr\/index.php\/shop-2\/#breadcrumb\",\"itemListElement\":[{\"@type\":\"ListItem\",\"position\":1,\"name\":\"Accueil\",\"item\":\"https:\/\/vetobjat.fr\/\"},{\"@type\":\"ListItem\",\"position\":2,\"name\":\"Shop\"}]},{\"@type\":\"WebSite\",\"@id\":\"https:\/\/vetobjat.fr\/#website\",\"url\":\"https:\/\/vetobjat.fr\/\",\"name\":\"Clinique v\u00e9t\u00e9rinaire Objat\",\"description\":\"V\u00e9t\u00e9rinaire animaux de compagnie et de la ferme\",\"potentialAction\":[{\"@type\":\"SearchAction\",\"target\":{\"@type\":\"EntryPoint\",\"urlTemplate\":\"https:\/\/vetobjat.fr\/?s={search_term_string}\"},\"query-input\":{\"@type\":\"PropertyValueSpecification\",\"valueRequired\":true,\"valueName\":\"search_term_string\"}}],\"inLanguage\":\"fr-FR\"}]}<\/script>\n<!-- \/ Yoast SEO plugin. -->","yoast_head_json":{"title":"Shop - Clinique v\u00e9t\u00e9rinaire Objat","robots":{"index":"index","follow":"follow","max-snippet":"max-snippet:-1","max-image-preview":"max-image-preview:large","max-video-preview":"max-video-preview:-1"},"canonical":"https:\/\/vetobjat.fr\/index.php\/shop-2\/","og_locale":"fr_FR","og_type":"article","og_title":"Shop - Clinique v\u00e9t\u00e9rinaire Objat","og_url":"https:\/\/vetobjat.fr\/index.php\/shop-2\/","og_site_name":"Clinique v\u00e9t\u00e9rinaire Objat","twitter_card":"summary_large_image","schema":{"@context":"https:\/\/schema.org","@graph":[{"@type":"WebPage","@id":"https:\/\/vetobjat.fr\/index.php\/shop-2\/","url":"https:\/\/vetobjat.fr\/index.php\/shop-2\/","name":"Shop - Clinique v\u00e9t\u00e9rinaire Objat","isPartOf":{"@id":"https:\/\/vetobjat.fr\/#website"},"datePublished":"2015-04-15T08:15:11+00:00","breadcrumb":{"@id":"https:\/\/vetobjat.fr\/index.php\/shop-2\/#breadcrumb"},"inLanguage":"fr-FR","potentialAction":[{"@type":"ReadAction","target":["https:\/\/vetobjat.fr\/index.php\/shop-2\/"]}]},{"@type":"BreadcrumbList","@id":"https:\/\/vetobjat.fr\/index.php\/shop-2\/#breadcrumb","itemListElement":[{"@type":"ListItem","position":1,"name":"Accueil","item":"https:\/\/vetobjat.fr\/"},{"@type":"ListItem","position":2,"name":"Shop"}]},{"@type":"WebSite","@id":"https:\/\/vetobjat.fr\/#website","url":"https:\/\/vetobjat.fr\/","name":"Clinique v\u00e9t\u00e9rinaire Objat","description":"V\u00e9t\u00e9rinaire animaux de compagnie et de la ferme","potentialAction":[{"@type":"SearchAction","target":{"@type":"EntryPoint","urlTemplate":"https:\/\/vetobjat.fr\/?s={search_term_string}"},"query-input":{"@type":"PropertyValueSpecification","valueRequired":true,"valueName":"search_term_string"}}],"inLanguage":"fr-FR"}]}},"_links":{"self":[{"href":"https:\/\/vetobjat.fr\/index.php\/wp-json\/wp\/v2\/pages\/7566","targetHints":{"allow":["GET"]}}],"collection":[{"href":"https:\/\/vetobjat.fr\/index.php\/wp-json\/wp\/v2\/pages"}],"about":[{"href":"https:\/\/vetobjat.fr\/index.php\/wp-json\/wp\/v2\/types\/page"}],"author":[{"embeddable":true,"href":"https:\/\/vetobjat.fr\/index.php\/wp-json\/wp\/v2\/users\/1"}],"replies":[{"embeddable":true,"href":"https:\/\/vetobjat.fr\/index.php\/wp-json\/wp\/v2\/comments?post=7566"}],"version-history":[{"count":0,"href":"https:\/\/vetobjat.fr\/index.php\/wp-json\/wp\/v2\/pages\/7566\/revisions"}],"wp:attachment":[{"href":"https:\/\/vetobjat.fr\/index.php\/wp-json\/wp\/v2\/media?parent=7566"}],"curies":[{"name":"wp","href":"https:\/\/api.w.org\/{rel}","templated":true}]}}